{"id":2430,"date":"2024-12-18T12:40:05","date_gmt":"2024-12-18T12:40:05","guid":{"rendered":"https:\/\/bdsm-ferienwohnung.de\/?page_id=2430"},"modified":"2024-12-20T09:09:50","modified_gmt":"2024-12-20T09:09:50","slug":"prangermodul","status":"publish","type":"page","link":"https:\/\/bdsm-ferienwohnung.de\/index.php\/prangermodul\/","title":{"rendered":"Fesselbett mit Pranger Modul"},"content":{"rendered":"\n<div class=\"wp-block-group has-global-padding is-layout-constrained wp-container-core-group-is-layout-e7607731 wp-block-group-is-layout-constrained\" style=\"margin-top:0;margin-bottom:0;padding-top:var(--wp--preset--spacing--40);padding-right:var(--wp--preset--spacing--20);padding-bottom:var(--wp--preset--spacing--40);padding-left:var(--wp--preset--spacing--20)\">\n<div class=\"wp-block-columns are-vertically-aligned-center is-layout-flex wp-container-core-columns-is-layout-08c01c1c wp-block-columns-is-layout-flex\">\n<div class=\"wp-block-column is-vertically-aligned-center is-layout-flow wp-block-column-is-layout-flow\">\n<figure class=\"wp-block-image size-full\"><img data-recalc-dims=\"1\" loading=\"lazy\" decoding=\"async\" width=\"1024\" height=\"1024\" src=\"https:\/\/i0.wp.com\/bdsm-ferienwohnung.de\/wp-content\/uploads\/2024\/12\/Bild_2024-12-18_134125348.png?resize=1024%2C1024&#038;ssl=1\" alt=\"\" class=\"wp-image-2435\" srcset=\"https:\/\/i0.wp.com\/bdsm-ferienwohnung.de\/wp-content\/uploads\/2024\/12\/Bild_2024-12-18_134125348.png?w=1024&amp;ssl=1 1024w, https:\/\/i0.wp.com\/bdsm-ferienwohnung.de\/wp-content\/uploads\/2024\/12\/Bild_2024-12-18_134125348.png?resize=300%2C300&amp;ssl=1 300w, https:\/\/i0.wp.com\/bdsm-ferienwohnung.de\/wp-content\/uploads\/2024\/12\/Bild_2024-12-18_134125348.png?resize=150%2C150&amp;ssl=1 150w, https:\/\/i0.wp.com\/bdsm-ferienwohnung.de\/wp-content\/uploads\/2024\/12\/Bild_2024-12-18_134125348.png?resize=768%2C768&amp;ssl=1 768w\" sizes=\"auto, (max-width: 1000px) 100vw, 1000px\" \/><\/figure>\n<\/div>\n\n\n\n<div class=\"wp-block-column is-vertically-aligned-center is-layout-flow wp-block-column-is-layout-flow\">\n<div class=\"wp-block-group contact-form has-global-padding is-layout-constrained wp-block-group-is-layout-constrained\">\n<p>Das Bett von Evil-Toys bietet unz\u00e4hlige M\u00f6glichkeiten zur Fixierung. Mit \u00fcber 15 H\u00fclsen k\u00f6nnt ihr spannende Fessel-Erlebnisse gestalten \u2013 egal ob auf dem Bett, neben dem Bett oder sogar schwebend dar\u00fcber. Lasst eurer Fantasie freien Lauf und entdeckt neue Seiten an euch!<\/p>\n\n\n\n<p>Keine Erfahrung mit Bondage? Kein Problem! Wir haben auch einfache Fesseln aus Leder, die euch den Einstieg erleichtern. So k\u00f6nnt ihr eine sichere und pr\u00e4zise Fixierung auch ohne Seile erreichen.<\/p>\n\n\n\n<p>Aber das Bett kann noch mehr: Wie w\u00e4re es mit einem K\u00e4fig? Der integrierte K\u00e4fig ist mit farbwechselnden RGB-LEDs ausgestattet, die ihr ganz einfach per Sprachsteuerung bedienen k\u00f6nnt. Sperrt euren Partner oder eure Partnerin ein und g\u00f6nnt euch eine kleine Auszeit \u2013 stilvoll und in angenehmer Atmosph\u00e4re.<\/p>\n\n\n\n<p>Doch das war noch nicht alles! Vor dem Bett gibt es ein Modul, mit dem ihr eure Partnerin oder euren Partner in einer sitzenden Position fixieren k\u00f6nnt. Die Beine k\u00f6nnen gespreizt und die H\u00e4nde oben gefesselt werden. Das er\u00f6ffnet euch neue M\u00f6glichkeiten, N\u00e4he zu genie\u00dfen und Positionen auszuprobieren, die sonst nur schwer umsetzbar sind \u2013 einfach und bequem.<\/p>\n\n\n\n<p>Also, worauf wartet ihr noch? Holt die Fesseln, die Peitsche und die Gerte raus und gestaltet euer pers\u00f6nliches Erlebnis.<\/p>\n<\/div>\n<\/div>\n<\/div>\n<\/div>\n\n\n\n<div class=\"wp-block-group has-global-padding is-layout-constrained wp-container-core-group-is-layout-e7607731 wp-block-group-is-layout-constrained\" style=\"margin-top:0;margin-bottom:0;padding-top:var(--wp--preset--spacing--40);padding-right:var(--wp--preset--spacing--20);padding-bottom:var(--wp--preset--spacing--40);padding-left:var(--wp--preset--spacing--20)\">\n<h2 class=\"wp-block-heading has-text-align-center has-xx-large-font-size\" style=\"padding-bottom:var(--wp--preset--spacing--40)\">Informationen <\/h2>\n\n\n\n<div class=\"wp-block-columns is-layout-flex wp-container-core-columns-is-layout-28f84493 wp-block-columns-is-layout-flex\">\n<div class=\"wp-block-column is-layout-flow wp-block-column-is-layout-flow\">\n<div class=\"wp-block-group has-border-color has-contrast-3-border-color has-global-padding is-layout-constrained wp-container-core-group-is-layout-f0e4704a wp-block-group-is-layout-constrained\" style=\"border-width:1px;padding-top:var(--wp--preset--spacing--40);padding-right:var(--wp--preset--spacing--10);padding-bottom:var(--wp--preset--spacing--40);padding-left:var(--wp--preset--spacing--10)\">\n<h2 class=\"wp-block-heading has-text-align-center\">Pranger Modul <\/h2>\n\n\n\n<div class=\"wp-block-group has-base-2-background-color has-background is-content-justification-center is-nowrap is-layout-flex wp-container-core-group-is-layout-a9c7edcc wp-block-group-is-layout-flex\" style=\"border-top-left-radius:0px;border-top-right-radius:0px;border-bottom-left-radius:8px;border-bottom-right-radius:8px;margin-top:0;margin-bottom:0;padding-top:30px;padding-right:var(--wp--preset--spacing--30);padding-bottom:30px;padding-left:var(--wp--preset--spacing--30)\">\n<ul style=\"padding-top:0;padding-right:0;padding-bottom:0;padding-left:var(--wp--preset--spacing--30);line-height:1.5\" class=\"wp-block-list\">\n<li style=\"padding-bottom:var(--wp--preset--spacing--10)\">Hochwertige Materialien <\/li>\n\n\n\n<li style=\"padding-bottom:var(--wp--preset--spacing--10)\">Edelstahl und Leder <\/li>\n\n\n\n<li style=\"padding-bottom:var(--wp--preset--spacing--10)\">Verstellbare beinschalen <\/li>\n\n\n\n<li style=\"padding-bottom:var(--wp--preset--spacing--10)\">H\u00f6henverstellbarer Pranger <\/li>\n<\/ul>\n<\/div>\n\n\n\n<div class=\"wp-block-buttons is-content-justification-center is-layout-flex wp-container-core-buttons-is-layout-a89b3969 wp-block-buttons-is-layout-flex\">\n<div class=\"wp-block-button is-style-outline is-style-outline--1\"><a class=\"wp-block-button__link wp-element-button\" href=\"https:\/\/beds24.com\/booking2.php?propid=237118\" target=\"_blank\" rel=\"noreferrer noopener\">Buche Jetzt<\/a><\/div>\n<\/div>\n<\/div>\n<\/div>\n\n\n\n<div class=\"wp-block-column is-layout-flow wp-block-column-is-layout-flow\">\n<div class=\"wp-block-group has-border-color has-contrast-3-border-color has-global-padding is-layout-constrained wp-container-core-group-is-layout-f0e4704a wp-block-group-is-layout-constrained\" style=\"border-width:1px;padding-top:var(--wp--preset--spacing--40);padding-right:var(--wp--preset--spacing--10);padding-bottom:var(--wp--preset--spacing--40);padding-left:var(--wp--preset--spacing--10)\">\n<h2 class=\"wp-block-heading has-text-align-center\">Bett<\/h2>\n\n\n\n<div class=\"wp-block-group has-base-2-background-color has-background is-content-justification-center is-nowrap is-layout-flex wp-container-core-group-is-layout-a9c7edcc wp-block-group-is-layout-flex\" style=\"border-top-left-radius:0px;border-top-right-radius:0px;border-bottom-left-radius:8px;border-bottom-right-radius:8px;margin-top:0;margin-bottom:0;padding-top:30px;padding-right:var(--wp--preset--spacing--30);padding-bottom:30px;padding-left:var(--wp--preset--spacing--30)\">\n<ul style=\"padding-top:0;padding-right:0;padding-bottom:0;padding-left:var(--wp--preset--spacing--30);line-height:1.5\" class=\"wp-block-list\">\n<li style=\"padding-bottom:var(--wp--preset--spacing--10)\">Hochwertige Materialien <\/li>\n\n\n\n<li style=\"padding-bottom:var(--wp--preset--spacing--10)\">Eingebauter k\u00e4fig <\/li>\n\n\n\n<li style=\"padding-bottom:var(--wp--preset--spacing--10)\">\u00fcber 15 H\u00fclsen<\/li>\n\n\n\n<li style=\"padding-bottom:var(--wp--preset--spacing--10)\">unz\u00e4hlige Fessel M\u00f6glichkeiten<\/li>\n\n\n\n<li>f\u00fcr Einsteiger und Profis <\/li>\n<\/ul>\n<\/div>\n\n\n\n<div class=\"wp-block-buttons is-content-justification-center is-layout-flex wp-container-core-buttons-is-layout-a89b3969 wp-block-buttons-is-layout-flex\">\n<div class=\"wp-block-button is-style-outline is-style-outline--2\"><a class=\"wp-block-button__link wp-element-button\" href=\"https:\/\/beds24.com\/booking2.php?propid=237118\" target=\"_blank\" rel=\"noreferrer noopener\">Buche Jetzt<\/a><\/div>\n<\/div>\n<\/div>\n<\/div>\n<\/div>\n<\/div>\n","protected":false},"excerpt":{"rendered":"<p>Das Bett von Evil-Toys bietet unz\u00e4hlige M\u00f6glichkeiten zur Fixierung. Mit \u00fcber 15 H\u00fclsen k\u00f6nnt ihr spannende Fessel-Erlebnisse gestalten \u2013 egal ob auf dem Bett, neben dem Bett oder sogar schwebend dar\u00fcber. Lasst eurer Fantasie freien Lauf und entdeckt neue Seiten an euch! Keine Erfahrung mit Bondage? Kein Problem! Wir haben auch einfache Fesseln aus Leder, [&hellip;]<\/p>\n","protected":false},"author":1,"featured_media":0,"parent":0,"menu_order":0,"comment_status":"closed","ping_status":"closed","template":"","meta":{"footnotes":""},"class_list":["post-2430","page","type-page","status-publish","hentry"],"yoast_head":"<!-- This site is optimized with the Yoast SEO plugin v27.4 - https:\/\/yoast.com\/product\/yoast-seo-wordpress\/ -->\n<title>Fesselbett mit Pranger Modul - BDSM Apartment &quot;SMallVacation&quot;<\/title>\n<meta name=\"robots\" content=\"index, follow, max-snippet:-1, max-image-preview:large, max-video-preview:-1\" \/>\n<link rel=\"canonical\" href=\"https:\/\/bdsm-ferienwohnung.de\/index.php\/prangermodul\/\" \/>\n<meta property=\"og:locale\" content=\"de_DE\" \/>\n<meta property=\"og:type\" content=\"article\" \/>\n<meta property=\"og:title\" content=\"Fesselbett mit Pranger Modul - BDSM Apartment &quot;SMallVacation&quot;\" \/>\n<meta property=\"og:description\" content=\"Das Bett von Evil-Toys bietet unz\u00e4hlige M\u00f6glichkeiten zur Fixierung. Mit \u00fcber 15 H\u00fclsen k\u00f6nnt ihr spannende Fessel-Erlebnisse gestalten \u2013 egal ob auf dem Bett, neben dem Bett oder sogar schwebend dar\u00fcber. Lasst eurer Fantasie freien Lauf und entdeckt neue Seiten an euch! Keine Erfahrung mit Bondage? Kein Problem! Wir haben auch einfache Fesseln aus Leder, [&hellip;]\" \/>\n<meta property=\"og:url\" content=\"https:\/\/bdsm-ferienwohnung.de\/index.php\/prangermodul\/\" \/>\n<meta property=\"og:site_name\" content=\"BDSM Apartment &quot;SMallVacation&quot;\" \/>\n<meta property=\"article:modified_time\" content=\"2024-12-20T09:09:50+00:00\" \/>\n<meta property=\"og:image\" content=\"https:\/\/bdsm-ferienwohnung.de\/wp-content\/uploads\/2024\/12\/Bild_2024-12-18_134125348.png\" \/>\n<meta name=\"twitter:card\" content=\"summary_large_image\" \/>\n<meta name=\"twitter:label1\" content=\"Gesch\u00e4tzte Lesezeit\" \/>\n\t<meta name=\"twitter:data1\" content=\"2\u00a0Minuten\" \/>\n<script type=\"application\/ld+json\" class=\"yoast-schema-graph\">{\"@context\":\"https:\\\/\\\/schema.org\",\"@graph\":[{\"@type\":\"WebPage\",\"@id\":\"https:\\\/\\\/bdsm-ferienwohnung.de\\\/index.php\\\/prangermodul\\\/\",\"url\":\"https:\\\/\\\/bdsm-ferienwohnung.de\\\/index.php\\\/prangermodul\\\/\",\"name\":\"Fesselbett mit Pranger Modul - BDSM Apartment &quot;SMallVacation&quot;\",\"isPartOf\":{\"@id\":\"https:\\\/\\\/bdsm-ferienwohnung.de\\\/#website\"},\"primaryImageOfPage\":{\"@id\":\"https:\\\/\\\/bdsm-ferienwohnung.de\\\/index.php\\\/prangermodul\\\/#primaryimage\"},\"image\":{\"@id\":\"https:\\\/\\\/bdsm-ferienwohnung.de\\\/index.php\\\/prangermodul\\\/#primaryimage\"},\"thumbnailUrl\":\"https:\\\/\\\/bdsm-ferienwohnung.de\\\/wp-content\\\/uploads\\\/2024\\\/12\\\/Bild_2024-12-18_134125348.png\",\"datePublished\":\"2024-12-18T12:40:05+00:00\",\"dateModified\":\"2024-12-20T09:09:50+00:00\",\"breadcrumb\":{\"@id\":\"https:\\\/\\\/bdsm-ferienwohnung.de\\\/index.php\\\/prangermodul\\\/#breadcrumb\"},\"inLanguage\":\"de\",\"potentialAction\":[{\"@type\":\"ReadAction\",\"target\":[\"https:\\\/\\\/bdsm-ferienwohnung.de\\\/index.php\\\/prangermodul\\\/\"]}]},{\"@type\":\"ImageObject\",\"inLanguage\":\"de\",\"@id\":\"https:\\\/\\\/bdsm-ferienwohnung.de\\\/index.php\\\/prangermodul\\\/#primaryimage\",\"url\":\"https:\\\/\\\/i0.wp.com\\\/bdsm-ferienwohnung.de\\\/wp-content\\\/uploads\\\/2024\\\/12\\\/Bild_2024-12-18_134125348.png?fit=1024%2C1024&ssl=1\",\"contentUrl\":\"https:\\\/\\\/i0.wp.com\\\/bdsm-ferienwohnung.de\\\/wp-content\\\/uploads\\\/2024\\\/12\\\/Bild_2024-12-18_134125348.png?fit=1024%2C1024&ssl=1\",\"width\":1024,\"height\":1024},{\"@type\":\"BreadcrumbList\",\"@id\":\"https:\\\/\\\/bdsm-ferienwohnung.de\\\/index.php\\\/prangermodul\\\/#breadcrumb\",\"itemListElement\":[{\"@type\":\"ListItem\",\"position\":1,\"name\":\"Startseite\",\"item\":\"https:\\\/\\\/bdsm-ferienwohnung.de\\\/\"},{\"@type\":\"ListItem\",\"position\":2,\"name\":\"Fesselbett mit Pranger Modul\"}]},{\"@type\":\"WebSite\",\"@id\":\"https:\\\/\\\/bdsm-ferienwohnung.de\\\/#website\",\"url\":\"https:\\\/\\\/bdsm-ferienwohnung.de\\\/\",\"name\":\"SM Apartment \\\"SMallVacation\\\"\",\"description\":\"in Ostfriesland \u2764 Erotik und Meer\",\"publisher\":{\"@id\":\"https:\\\/\\\/bdsm-ferienwohnung.de\\\/#organization\"},\"alternateName\":\"BDSM Ferienwohnung \\\"SMall Vacation\\\"\",\"potentialAction\":[{\"@type\":\"SearchAction\",\"target\":{\"@type\":\"EntryPoint\",\"urlTemplate\":\"https:\\\/\\\/bdsm-ferienwohnung.de\\\/?s={search_term_string}\"},\"query-input\":{\"@type\":\"PropertyValueSpecification\",\"valueRequired\":true,\"valueName\":\"search_term_string\"}}],\"inLanguage\":\"de\"},{\"@type\":\"Organization\",\"@id\":\"https:\\\/\\\/bdsm-ferienwohnung.de\\\/#organization\",\"name\":\"SM Apartment SMall Vacation\",\"url\":\"https:\\\/\\\/bdsm-ferienwohnung.de\\\/\",\"logo\":{\"@type\":\"ImageObject\",\"inLanguage\":\"de\",\"@id\":\"https:\\\/\\\/bdsm-ferienwohnung.de\\\/#\\\/schema\\\/logo\\\/image\\\/\",\"url\":\"https:\\\/\\\/i0.wp.com\\\/bdsm-ferienwohnung.de\\\/wp-content\\\/uploads\\\/2024\\\/12\\\/LOGO-SMallVacation.png?fit=1024%2C1024&ssl=1\",\"contentUrl\":\"https:\\\/\\\/i0.wp.com\\\/bdsm-ferienwohnung.de\\\/wp-content\\\/uploads\\\/2024\\\/12\\\/LOGO-SMallVacation.png?fit=1024%2C1024&ssl=1\",\"width\":1024,\"height\":1024,\"caption\":\"SM Apartment SMall Vacation\"},\"image\":{\"@id\":\"https:\\\/\\\/bdsm-ferienwohnung.de\\\/#\\\/schema\\\/logo\\\/image\\\/\"}}]}<\/script>\n<!-- \/ Yoast SEO plugin. -->","yoast_head_json":{"title":"Fesselbett mit Pranger Modul - BDSM Apartment &quot;SMallVacation&quot;","robots":{"index":"index","follow":"follow","max-snippet":"max-snippet:-1","max-image-preview":"max-image-preview:large","max-video-preview":"max-video-preview:-1"},"canonical":"https:\/\/bdsm-ferienwohnung.de\/index.php\/prangermodul\/","og_locale":"de_DE","og_type":"article","og_title":"Fesselbett mit Pranger Modul - BDSM Apartment &quot;SMallVacation&quot;","og_description":"Das Bett von Evil-Toys bietet unz\u00e4hlige M\u00f6glichkeiten zur Fixierung. Mit \u00fcber 15 H\u00fclsen k\u00f6nnt ihr spannende Fessel-Erlebnisse gestalten \u2013 egal ob auf dem Bett, neben dem Bett oder sogar schwebend dar\u00fcber. Lasst eurer Fantasie freien Lauf und entdeckt neue Seiten an euch! Keine Erfahrung mit Bondage? Kein Problem! Wir haben auch einfache Fesseln aus Leder, [&hellip;]","og_url":"https:\/\/bdsm-ferienwohnung.de\/index.php\/prangermodul\/","og_site_name":"BDSM Apartment &quot;SMallVacation&quot;","article_modified_time":"2024-12-20T09:09:50+00:00","og_image":[{"url":"https:\/\/bdsm-ferienwohnung.de\/wp-content\/uploads\/2024\/12\/Bild_2024-12-18_134125348.png","type":"","width":"","height":""}],"twitter_card":"summary_large_image","twitter_misc":{"Gesch\u00e4tzte Lesezeit":"2\u00a0Minuten"},"schema":{"@context":"https:\/\/schema.org","@graph":[{"@type":"WebPage","@id":"https:\/\/bdsm-ferienwohnung.de\/index.php\/prangermodul\/","url":"https:\/\/bdsm-ferienwohnung.de\/index.php\/prangermodul\/","name":"Fesselbett mit Pranger Modul - BDSM Apartment &quot;SMallVacation&quot;","isPartOf":{"@id":"https:\/\/bdsm-ferienwohnung.de\/#website"},"primaryImageOfPage":{"@id":"https:\/\/bdsm-ferienwohnung.de\/index.php\/prangermodul\/#primaryimage"},"image":{"@id":"https:\/\/bdsm-ferienwohnung.de\/index.php\/prangermodul\/#primaryimage"},"thumbnailUrl":"https:\/\/bdsm-ferienwohnung.de\/wp-content\/uploads\/2024\/12\/Bild_2024-12-18_134125348.png","datePublished":"2024-12-18T12:40:05+00:00","dateModified":"2024-12-20T09:09:50+00:00","breadcrumb":{"@id":"https:\/\/bdsm-ferienwohnung.de\/index.php\/prangermodul\/#breadcrumb"},"inLanguage":"de","potentialAction":[{"@type":"ReadAction","target":["https:\/\/bdsm-ferienwohnung.de\/index.php\/prangermodul\/"]}]},{"@type":"ImageObject","inLanguage":"de","@id":"https:\/\/bdsm-ferienwohnung.de\/index.php\/prangermodul\/#primaryimage","url":"https:\/\/i0.wp.com\/bdsm-ferienwohnung.de\/wp-content\/uploads\/2024\/12\/Bild_2024-12-18_134125348.png?fit=1024%2C1024&ssl=1","contentUrl":"https:\/\/i0.wp.com\/bdsm-ferienwohnung.de\/wp-content\/uploads\/2024\/12\/Bild_2024-12-18_134125348.png?fit=1024%2C1024&ssl=1","width":1024,"height":1024},{"@type":"BreadcrumbList","@id":"https:\/\/bdsm-ferienwohnung.de\/index.php\/prangermodul\/#breadcrumb","itemListElement":[{"@type":"ListItem","position":1,"name":"Startseite","item":"https:\/\/bdsm-ferienwohnung.de\/"},{"@type":"ListItem","position":2,"name":"Fesselbett mit Pranger Modul"}]},{"@type":"WebSite","@id":"https:\/\/bdsm-ferienwohnung.de\/#website","url":"https:\/\/bdsm-ferienwohnung.de\/","name":"SM Apartment \"SMallVacation\"","description":"in Ostfriesland \u2764 Erotik und Meer","publisher":{"@id":"https:\/\/bdsm-ferienwohnung.de\/#organization"},"alternateName":"BDSM Ferienwohnung \"SMall Vacation\"","potentialAction":[{"@type":"SearchAction","target":{"@type":"EntryPoint","urlTemplate":"https:\/\/bdsm-ferienwohnung.de\/?s={search_term_string}"},"query-input":{"@type":"PropertyValueSpecification","valueRequired":true,"valueName":"search_term_string"}}],"inLanguage":"de"},{"@type":"Organization","@id":"https:\/\/bdsm-ferienwohnung.de\/#organization","name":"SM Apartment SMall Vacation","url":"https:\/\/bdsm-ferienwohnung.de\/","logo":{"@type":"ImageObject","inLanguage":"de","@id":"https:\/\/bdsm-ferienwohnung.de\/#\/schema\/logo\/image\/","url":"https:\/\/i0.wp.com\/bdsm-ferienwohnung.de\/wp-content\/uploads\/2024\/12\/LOGO-SMallVacation.png?fit=1024%2C1024&ssl=1","contentUrl":"https:\/\/i0.wp.com\/bdsm-ferienwohnung.de\/wp-content\/uploads\/2024\/12\/LOGO-SMallVacation.png?fit=1024%2C1024&ssl=1","width":1024,"height":1024,"caption":"SM Apartment SMall Vacation"},"image":{"@id":"https:\/\/bdsm-ferienwohnung.de\/#\/schema\/logo\/image\/"}}]}},"jetpack-related-posts":[{"id":5,"url":"https:\/\/bdsm-ferienwohnung.de\/","url_meta":{"origin":2430,"position":0},"title":"BDSM Erlebnisse im SMall Apartment","author":"sven meyer","date":"Januar 28, 2019","format":false,"excerpt":"Entdecke das BDSM Apartment \u201eSMall Vacation In unserem SM-Apartment im Brookmerland k\u00f6nnt Ihr Euch voll und ganz Eurer Lust hingeben. Wir haben keine Kosten und M\u00fchen gescheut, um Euch mit den hochwertigen M\u00f6beln von EvilToys ein ganz besonderes Erlebnis zu erm\u00f6glichen. Unser Apartment bietet Euch weit mehr als nur einen\u2026","rel":"","context":"\u00c4hnlicher Beitrag","block_context":{"text":"\u00c4hnlicher Beitrag","link":""},"img":{"alt_text":"BDSM Apartment \u201eSMall Vacation","src":"https:\/\/i0.wp.com\/bdsm-ferienwohnung.de\/wp-content\/uploads\/2024\/12\/LOGO-SMallVacation.png?fit=1024%2C1024&ssl=1&resize=350%2C200","width":350,"height":200,"srcset":"https:\/\/i0.wp.com\/bdsm-ferienwohnung.de\/wp-content\/uploads\/2024\/12\/LOGO-SMallVacation.png?fit=1024%2C1024&ssl=1&resize=350%2C200 1x, https:\/\/i0.wp.com\/bdsm-ferienwohnung.de\/wp-content\/uploads\/2024\/12\/LOGO-SMallVacation.png?fit=1024%2C1024&ssl=1&resize=525%2C300 1.5x, https:\/\/i0.wp.com\/bdsm-ferienwohnung.de\/wp-content\/uploads\/2024\/12\/LOGO-SMallVacation.png?fit=1024%2C1024&ssl=1&resize=700%2C400 2x"},"classes":[]}],"jetpack_sharing_enabled":true,"_links":{"self":[{"href":"https:\/\/bdsm-ferienwohnung.de\/index.php\/wp-json\/wp\/v2\/pages\/2430","targetHints":{"allow":["GET"]}}],"collection":[{"href":"https:\/\/bdsm-ferienwohnung.de\/index.php\/wp-json\/wp\/v2\/pages"}],"about":[{"href":"https:\/\/bdsm-ferienwohnung.de\/index.php\/wp-json\/wp\/v2\/types\/page"}],"author":[{"embeddable":true,"href":"https:\/\/bdsm-ferienwohnung.de\/index.php\/wp-json\/wp\/v2\/users\/1"}],"replies":[{"embeddable":true,"href":"https:\/\/bdsm-ferienwohnung.de\/index.php\/wp-json\/wp\/v2\/comments?post=2430"}],"version-history":[{"count":3,"href":"https:\/\/bdsm-ferienwohnung.de\/index.php\/wp-json\/wp\/v2\/pages\/2430\/revisions"}],"predecessor-version":[{"id":2508,"href":"https:\/\/bdsm-ferienwohnung.de\/index.php\/wp-json\/wp\/v2\/pages\/2430\/revisions\/2508"}],"wp:attachment":[{"href":"https:\/\/bdsm-ferienwohnung.de\/index.php\/wp-json\/wp\/v2\/media?parent=2430"}],"curies":[{"name":"wp","href":"https:\/\/api.w.org\/{rel}","templated":true}]}}