{"id":2542,"date":"2024-12-22T18:04:45","date_gmt":"2024-12-22T18:04:45","guid":{"rendered":"https:\/\/bdsm-ferienwohnung.de\/?page_id=2542"},"modified":"2024-12-22T18:06:48","modified_gmt":"2024-12-22T18:06:48","slug":"impressum","status":"publish","type":"page","link":"https:\/\/bdsm-ferienwohnung.de\/index.php\/impressum\/","title":{"rendered":"Impressum"},"content":{"rendered":"<h3>Angaben gem\u00e4\u00df \u00a7 5 TMG:<\/h3>\n<p>Rechtsform: Einzelunternehmen<br \/>\nInternetservice<br \/>\nChristian Meyer<br \/>\nUpganter Str. 56<br \/>\n26529 Upgant-Schott<\/p>\n<p>Umsatzsteuer-Identifikationsnummer gem\u00e4\u00df \u00a727 a Umsatzsteuergesetz:<br \/>\nDE277466175<\/p>\n<h3>Kontakt Info<\/h3>\n<p><a href=\"https:\/\/bdsm-ferien.com\/impressum\/info@bdsm-ferien.com\">info@bdsm-ferien.com<\/a><\/p>\n<h3>Haftungsausschluss (Disclaimer)<\/h3>\n<p><strong>Haftung f\u00fcr Inhalte<\/strong><\/p>\n<p>Als Diensteanbieter sind wir gem\u00e4\u00df \u00a7 7 Abs.1 TMG f\u00fcr eigene Inhalte auf diesen Seiten nach den allgemeinen Gesetzen verantwortlich. Nach \u00a7\u00a7 8 bis 10 TMG sind wir als Diensteanbieter jedoch nicht verpflichtet, \u00fcbermittelte oder gespeicherte fremde Informationen zu \u00fcberwachen oder nach Umst\u00e4nden zu forschen, die auf eine rechtswidrige T\u00e4tigkeit hinweisen. Verpflichtungen zur Entfernung oder Sperrung der Nutzung von Informationen nach den allgemeinen Gesetzen bleiben hiervon unber\u00fchrt. Eine diesbez\u00fcgliche Haftung ist jedoch erst ab dem Zeitpunkt der Kenntnis einer konkreten Rechtsverletzung m\u00f6glich. Bei Bekanntwerden von entsprechenden Rechtsverletzungen werden wir diese Inhalte umgehend entfernen.<\/p>\n<p><strong>Haftung f\u00fcr Links<\/strong><\/p>\n<p>Unser Angebot enth\u00e4lt Links zu externen Webseiten Dritter, auf deren Inhalte wir keinen Einfluss haben. Deshalb k\u00f6nnen wir f\u00fcr diese fremden Inhalte auch keine Gew\u00e4hr \u00fcbernehmen. F\u00fcr die Inhalte der verlinkten Seiten ist stets der jeweilige Anbieter oder Betreiber der Seiten verantwortlich. Die verlinkten Seiten wurden zum Zeitpunkt der Verlinkung auf m\u00f6gliche Rechtsverst\u00f6\u00dfe \u00fcberpr\u00fcft. Rechtswidrige Inhalte waren zum Zeitpunkt der Verlinkung nicht erkennbar. Eine permanente inhaltliche Kontrolle der verlinkten Seiten ist jedoch ohne konkrete Anhaltspunkte einer Rechtsverletzung nicht zumutbar. Bei Bekanntwerden von Rechtsverletzungen werden wir derartige Links umgehend entfernen.<\/p>\n<p><strong>Urheberrecht<\/strong><\/p>\n<p>Die durch die Seitenbetreiber erstellten Inhalte und Werke auf diesen Seiten unterliegen dem deutschen Urheberrecht. Die Vervielf\u00e4ltigung, Bearbeitung, Verbreitung und jede Art der Verwertung au\u00dferhalb der Grenzen des Urheberrechtes bed\u00fcrfen der schriftlichen Zustimmung des jeweiligen Autors bzw. Erstellers. Downloads und Kopien dieser Seite sind nur f\u00fcr den privaten, nicht kommerziellen Gebrauch gestattet. Soweit die Inhalte auf dieser Seite nicht vom Betreiber erstellt wurden, werden die Urheberrechte Dritter beachtet. Insbesondere werden Inhalte Dritter als solche gekennzeichnet. Sollten Sie trotzdem auf eine Urheberrechtsverletzung aufmerksam werden, bitten wir um einen entsprechenden Hinweis. Bei Bekanntwerden von Rechtsverletzungen werden wir derartige Inhalte umgehend entfernen.<\/p>\n","protected":false},"excerpt":{"rendered":"<p>Angaben gem\u00e4\u00df \u00a7 5 TMG: Rechtsform: Einzelunternehmen Internetservice Christian Meyer Upganter Str. 56 26529 Upgant-Schott Umsatzsteuer-Identifikationsnummer gem\u00e4\u00df \u00a727 a Umsatzsteuergesetz: DE277466175 Kontakt Info info@bdsm-ferien.com Haftungsausschluss (Disclaimer) Haftung f\u00fcr Inhalte Als Diensteanbieter sind wir gem\u00e4\u00df \u00a7 7 Abs.1 TMG f\u00fcr eigene Inhalte auf diesen Seiten nach den allgemeinen Gesetzen verantwortlich. Nach \u00a7\u00a7 8 bis 10 TMG [&hellip;]<\/p>\n","protected":false},"author":1,"featured_media":0,"parent":0,"menu_order":0,"comment_status":"closed","ping_status":"closed","template":"","meta":{"footnotes":""},"class_list":["post-2542","page","type-page","status-publish","hentry"],"yoast_head":"<!-- This site is optimized with the Yoast SEO plugin v27.4 - https:\/\/yoast.com\/product\/yoast-seo-wordpress\/ -->\n<title>Impressum - BDSM Apartment &quot;SMallVacation&quot;<\/title>\n<meta name=\"robots\" content=\"index, follow, max-snippet:-1, max-image-preview:large, max-video-preview:-1\" \/>\n<link rel=\"canonical\" href=\"https:\/\/bdsm-ferienwohnung.de\/index.php\/impressum\/\" \/>\n<meta property=\"og:locale\" content=\"de_DE\" \/>\n<meta property=\"og:type\" content=\"article\" \/>\n<meta property=\"og:title\" content=\"Impressum - BDSM Apartment &quot;SMallVacation&quot;\" \/>\n<meta property=\"og:description\" content=\"Angaben gem\u00e4\u00df \u00a7 5 TMG: Rechtsform: Einzelunternehmen Internetservice Christian Meyer Upganter Str. 56 26529 Upgant-Schott Umsatzsteuer-Identifikationsnummer gem\u00e4\u00df \u00a727 a Umsatzsteuergesetz: DE277466175 Kontakt Info info@bdsm-ferien.com Haftungsausschluss (Disclaimer) Haftung f\u00fcr Inhalte Als Diensteanbieter sind wir gem\u00e4\u00df \u00a7 7 Abs.1 TMG f\u00fcr eigene Inhalte auf diesen Seiten nach den allgemeinen Gesetzen verantwortlich. Nach \u00a7\u00a7 8 bis 10 TMG [&hellip;]\" \/>\n<meta property=\"og:url\" content=\"https:\/\/bdsm-ferienwohnung.de\/index.php\/impressum\/\" \/>\n<meta property=\"og:site_name\" content=\"BDSM Apartment &quot;SMallVacation&quot;\" \/>\n<meta property=\"article:modified_time\" content=\"2024-12-22T18:06:48+00:00\" \/>\n<meta property=\"og:image\" content=\"https:\/\/i0.wp.com\/bdsm-ferienwohnung.de\/wp-content\/uploads\/2024\/12\/image.jpeg?fit=468%2C353&ssl=1\" \/>\n\t<meta property=\"og:image:width\" content=\"468\" \/>\n\t<meta property=\"og:image:height\" content=\"353\" \/>\n\t<meta property=\"og:image:type\" content=\"image\/jpeg\" \/>\n<meta name=\"twitter:card\" content=\"summary_large_image\" \/>\n<meta name=\"twitter:label1\" content=\"Gesch\u00e4tzte Lesezeit\" \/>\n\t<meta name=\"twitter:data1\" content=\"2\u00a0Minuten\" \/>\n<script type=\"application\/ld+json\" class=\"yoast-schema-graph\">{\"@context\":\"https:\\\/\\\/schema.org\",\"@graph\":[{\"@type\":\"WebPage\",\"@id\":\"https:\\\/\\\/bdsm-ferienwohnung.de\\\/index.php\\\/impressum\\\/\",\"url\":\"https:\\\/\\\/bdsm-ferienwohnung.de\\\/index.php\\\/impressum\\\/\",\"name\":\"Impressum - BDSM Apartment &quot;SMallVacation&quot;\",\"isPartOf\":{\"@id\":\"https:\\\/\\\/bdsm-ferienwohnung.de\\\/#website\"},\"datePublished\":\"2024-12-22T18:04:45+00:00\",\"dateModified\":\"2024-12-22T18:06:48+00:00\",\"breadcrumb\":{\"@id\":\"https:\\\/\\\/bdsm-ferienwohnung.de\\\/index.php\\\/impressum\\\/#breadcrumb\"},\"inLanguage\":\"de\",\"potentialAction\":[{\"@type\":\"ReadAction\",\"target\":[\"https:\\\/\\\/bdsm-ferienwohnung.de\\\/index.php\\\/impressum\\\/\"]}]},{\"@type\":\"BreadcrumbList\",\"@id\":\"https:\\\/\\\/bdsm-ferienwohnung.de\\\/index.php\\\/impressum\\\/#breadcrumb\",\"itemListElement\":[{\"@type\":\"ListItem\",\"position\":1,\"name\":\"Startseite\",\"item\":\"https:\\\/\\\/bdsm-ferienwohnung.de\\\/\"},{\"@type\":\"ListItem\",\"position\":2,\"name\":\"Impressum\"}]},{\"@type\":\"WebSite\",\"@id\":\"https:\\\/\\\/bdsm-ferienwohnung.de\\\/#website\",\"url\":\"https:\\\/\\\/bdsm-ferienwohnung.de\\\/\",\"name\":\"SM Apartment \\\"SMallVacation\\\"\",\"description\":\"in Ostfriesland \u2764 Erotik und Meer\",\"publisher\":{\"@id\":\"https:\\\/\\\/bdsm-ferienwohnung.de\\\/#organization\"},\"alternateName\":\"BDSM Ferienwohnung \\\"SMall Vacation\\\"\",\"potentialAction\":[{\"@type\":\"SearchAction\",\"target\":{\"@type\":\"EntryPoint\",\"urlTemplate\":\"https:\\\/\\\/bdsm-ferienwohnung.de\\\/?s={search_term_string}\"},\"query-input\":{\"@type\":\"PropertyValueSpecification\",\"valueRequired\":true,\"valueName\":\"search_term_string\"}}],\"inLanguage\":\"de\"},{\"@type\":\"Organization\",\"@id\":\"https:\\\/\\\/bdsm-ferienwohnung.de\\\/#organization\",\"name\":\"SM Apartment SMall Vacation\",\"url\":\"https:\\\/\\\/bdsm-ferienwohnung.de\\\/\",\"logo\":{\"@type\":\"ImageObject\",\"inLanguage\":\"de\",\"@id\":\"https:\\\/\\\/bdsm-ferienwohnung.de\\\/#\\\/schema\\\/logo\\\/image\\\/\",\"url\":\"https:\\\/\\\/i0.wp.com\\\/bdsm-ferienwohnung.de\\\/wp-content\\\/uploads\\\/2024\\\/12\\\/LOGO-SMallVacation.png?fit=1024%2C1024&ssl=1\",\"contentUrl\":\"https:\\\/\\\/i0.wp.com\\\/bdsm-ferienwohnung.de\\\/wp-content\\\/uploads\\\/2024\\\/12\\\/LOGO-SMallVacation.png?fit=1024%2C1024&ssl=1\",\"width\":1024,\"height\":1024,\"caption\":\"SM Apartment SMall Vacation\"},\"image\":{\"@id\":\"https:\\\/\\\/bdsm-ferienwohnung.de\\\/#\\\/schema\\\/logo\\\/image\\\/\"}}]}<\/script>\n<!-- \/ Yoast SEO plugin. -->","yoast_head_json":{"title":"Impressum - BDSM Apartment &quot;SMallVacation&quot;","robots":{"index":"index","follow":"follow","max-snippet":"max-snippet:-1","max-image-preview":"max-image-preview:large","max-video-preview":"max-video-preview:-1"},"canonical":"https:\/\/bdsm-ferienwohnung.de\/index.php\/impressum\/","og_locale":"de_DE","og_type":"article","og_title":"Impressum - BDSM Apartment &quot;SMallVacation&quot;","og_description":"Angaben gem\u00e4\u00df \u00a7 5 TMG: Rechtsform: Einzelunternehmen Internetservice Christian Meyer Upganter Str. 56 26529 Upgant-Schott Umsatzsteuer-Identifikationsnummer gem\u00e4\u00df \u00a727 a Umsatzsteuergesetz: DE277466175 Kontakt Info info@bdsm-ferien.com Haftungsausschluss (Disclaimer) Haftung f\u00fcr Inhalte Als Diensteanbieter sind wir gem\u00e4\u00df \u00a7 7 Abs.1 TMG f\u00fcr eigene Inhalte auf diesen Seiten nach den allgemeinen Gesetzen verantwortlich. Nach \u00a7\u00a7 8 bis 10 TMG [&hellip;]","og_url":"https:\/\/bdsm-ferienwohnung.de\/index.php\/impressum\/","og_site_name":"BDSM Apartment &quot;SMallVacation&quot;","article_modified_time":"2024-12-22T18:06:48+00:00","og_image":[{"width":468,"height":353,"url":"https:\/\/i0.wp.com\/bdsm-ferienwohnung.de\/wp-content\/uploads\/2024\/12\/image.jpeg?fit=468%2C353&ssl=1","type":"image\/jpeg"}],"twitter_card":"summary_large_image","twitter_misc":{"Gesch\u00e4tzte Lesezeit":"2\u00a0Minuten"},"schema":{"@context":"https:\/\/schema.org","@graph":[{"@type":"WebPage","@id":"https:\/\/bdsm-ferienwohnung.de\/index.php\/impressum\/","url":"https:\/\/bdsm-ferienwohnung.de\/index.php\/impressum\/","name":"Impressum - BDSM Apartment &quot;SMallVacation&quot;","isPartOf":{"@id":"https:\/\/bdsm-ferienwohnung.de\/#website"},"datePublished":"2024-12-22T18:04:45+00:00","dateModified":"2024-12-22T18:06:48+00:00","breadcrumb":{"@id":"https:\/\/bdsm-ferienwohnung.de\/index.php\/impressum\/#breadcrumb"},"inLanguage":"de","potentialAction":[{"@type":"ReadAction","target":["https:\/\/bdsm-ferienwohnung.de\/index.php\/impressum\/"]}]},{"@type":"BreadcrumbList","@id":"https:\/\/bdsm-ferienwohnung.de\/index.php\/impressum\/#breadcrumb","itemListElement":[{"@type":"ListItem","position":1,"name":"Startseite","item":"https:\/\/bdsm-ferienwohnung.de\/"},{"@type":"ListItem","position":2,"name":"Impressum"}]},{"@type":"WebSite","@id":"https:\/\/bdsm-ferienwohnung.de\/#website","url":"https:\/\/bdsm-ferienwohnung.de\/","name":"SM Apartment \"SMallVacation\"","description":"in Ostfriesland \u2764 Erotik und Meer","publisher":{"@id":"https:\/\/bdsm-ferienwohnung.de\/#organization"},"alternateName":"BDSM Ferienwohnung \"SMall Vacation\"","potentialAction":[{"@type":"SearchAction","target":{"@type":"EntryPoint","urlTemplate":"https:\/\/bdsm-ferienwohnung.de\/?s={search_term_string}"},"query-input":{"@type":"PropertyValueSpecification","valueRequired":true,"valueName":"search_term_string"}}],"inLanguage":"de"},{"@type":"Organization","@id":"https:\/\/bdsm-ferienwohnung.de\/#organization","name":"SM Apartment SMall Vacation","url":"https:\/\/bdsm-ferienwohnung.de\/","logo":{"@type":"ImageObject","inLanguage":"de","@id":"https:\/\/bdsm-ferienwohnung.de\/#\/schema\/logo\/image\/","url":"https:\/\/i0.wp.com\/bdsm-ferienwohnung.de\/wp-content\/uploads\/2024\/12\/LOGO-SMallVacation.png?fit=1024%2C1024&ssl=1","contentUrl":"https:\/\/i0.wp.com\/bdsm-ferienwohnung.de\/wp-content\/uploads\/2024\/12\/LOGO-SMallVacation.png?fit=1024%2C1024&ssl=1","width":1024,"height":1024,"caption":"SM Apartment SMall Vacation"},"image":{"@id":"https:\/\/bdsm-ferienwohnung.de\/#\/schema\/logo\/image\/"}}]}},"jetpack-related-posts":[{"id":2470,"url":"https:\/\/bdsm-ferienwohnung.de\/index.php\/allgemeine-geschaeftsbedingungen\/","url_meta":{"origin":2542,"position":0},"title":"Allgemeine Gesch\u00e4ftsbedingungen","author":"BDSM Apartment \"Small Vacation\"","date":"Dezember 19, 2024","format":false,"excerpt":"Allgemeine Gesch\u00e4ftsbedingungen (AGB) 1. Vertragsverh\u00e4ltnis und Geltung Die Allgemeinen Gesch\u00e4ftsbedingungen regeln das Vertragsverh\u00e4ltnis zwischen dem Mieter und dem Inhaber der Ferienwohnung Christian Meyer (nachfolgend \u201eVermieter\u201c genannt). Mit der Buchung erkennt der Mieter die AGB an. Abweichende Abmachungen bed\u00fcrfen der schriftlichen Best\u00e4tigung durch den Vermieter. Ein Mietvertrag kommt auch durch elektronische\u2026","rel":"","context":"\u00c4hnlicher Beitrag","block_context":{"text":"\u00c4hnlicher Beitrag","link":""},"img":{"alt_text":"","src":"","width":0,"height":0},"classes":[]},{"id":2330,"url":"https:\/\/bdsm-ferienwohnung.de\/index.php\/privacy-policy\/","url_meta":{"origin":2542,"position":1},"title":"Datenschutzerkl\u00e4rung","author":"sven meyer","date":"Januar 28, 2019","format":false,"excerpt":"Datenschutzerkl\u00e4rung 1) Einleitung und Kontaktdaten des Verantwortlichen 1.1\u00a0Wir freuen uns, dass Sie unsere Website besuchen und bedanken uns f\u00fcr Ihr Interesse. Im Folgenden informieren wir Sie \u00fcber den Umgang mit Ihren personenbezogenen Daten bei der Nutzung unserer Website. Personenbezogene Daten sind hierbei alle Daten, mit denen Sie pers\u00f6nlich identifiziert werden\u2026","rel":"","context":"\u00c4hnlicher Beitrag","block_context":{"text":"\u00c4hnlicher Beitrag","link":""},"img":{"alt_text":"","src":"","width":0,"height":0},"classes":[]}],"jetpack_sharing_enabled":true,"_links":{"self":[{"href":"https:\/\/bdsm-ferienwohnung.de\/index.php\/wp-json\/wp\/v2\/pages\/2542","targetHints":{"allow":["GET"]}}],"collection":[{"href":"https:\/\/bdsm-ferienwohnung.de\/index.php\/wp-json\/wp\/v2\/pages"}],"about":[{"href":"https:\/\/bdsm-ferienwohnung.de\/index.php\/wp-json\/wp\/v2\/types\/page"}],"author":[{"embeddable":true,"href":"https:\/\/bdsm-ferienwohnung.de\/index.php\/wp-json\/wp\/v2\/users\/1"}],"replies":[{"embeddable":true,"href":"https:\/\/bdsm-ferienwohnung.de\/index.php\/wp-json\/wp\/v2\/comments?post=2542"}],"version-history":[{"count":1,"href":"https:\/\/bdsm-ferienwohnung.de\/index.php\/wp-json\/wp\/v2\/pages\/2542\/revisions"}],"predecessor-version":[{"id":2543,"href":"https:\/\/bdsm-ferienwohnung.de\/index.php\/wp-json\/wp\/v2\/pages\/2542\/revisions\/2543"}],"wp:attachment":[{"href":"https:\/\/bdsm-ferienwohnung.de\/index.php\/wp-json\/wp\/v2\/media?parent=2542"}],"curies":[{"name":"wp","href":"https:\/\/api.w.org\/{rel}","templated":true}]}}